{"id":159,"date":"2024-07-10T01:52:17","date_gmt":"2024-07-10T01:52:17","guid":{"rendered":"https:\/\/demo2wpopal.b-cdn.net\/asteno\/?page_id=159"},"modified":"2025-05-29T10:51:07","modified_gmt":"2025-05-29T08:51:07","slug":"contact-paris-wedding-planner","status":"publish","type":"page","link":"https:\/\/www.parisido.com\/fr\/contact-paris-wedding-planner\/","title":{"rendered":"Contact"},"content":{"rendered":"<div data-elementor-type=\"wp-page\" data-elementor-id=\"159\" class=\"elementor elementor-159\">\n\t\t\t\t<div class=\"elementor-element elementor-element-26356fb e-flex e-con-boxed e-con e-parent\" data-id=\"26356fb\" data-element_type=\"container\" data-e-type=\"container\" data-settings=\"{&quot;background_background&quot;:&quot;classic&quot;}\">\n\t\t\t\t\t<div class=\"e-con-inner\">\n\t\t\t\t<div class=\"elementor-element elementor-element-8563d77 animated-slow elementor-invisible elementor-widget elementor-widget-heading\" data-id=\"8563d77\" data-element_type=\"widget\" data-e-type=\"widget\" data-settings=\"{&quot;_animation&quot;:&quot;fadeIn&quot;}\" data-widget_type=\"heading.default\">\n\t\t\t\t<div class=\"elementor-widget-container\">\n\t\t\t\t\t<h1 class=\"elementor-heading-title elementor-size-default\">Contact<\/h1>\t\t\t\t<\/div>\n\t\t\t\t<\/div>\n\t\t\t\t\t<\/div>\n\t\t\t\t<\/div>\n\t\t<div class=\"elementor-element elementor-element-52ca8a3 e-flex e-con-boxed e-con e-parent\" data-id=\"52ca8a3\" data-element_type=\"container\" data-e-type=\"container\" data-settings=\"{&quot;background_background&quot;:&quot;classic&quot;}\">\n\t\t\t\t\t<div class=\"e-con-inner\">\n\t\t\t\t<div class=\"elementor-element elementor-element-6919b1f elementor-widget__width-initial elementor-invisible elementor-widget elementor-widget-heading\" data-id=\"6919b1f\" data-element_type=\"widget\" data-e-type=\"widget\" data-settings=\"{&quot;_animation&quot;:&quot;opal-move-up&quot;}\" data-widget_type=\"heading.default\">\n\t\t\t\t<div class=\"elementor-widget-container\">\n\t\t\t\t\t<h2 class=\"elementor-heading-title elementor-size-default\">Pr\u00eat \u00e0 transformer le mariage de vos r\u00eaves en r\u00e9alit\u00e9 ?<\/h2>\t\t\t\t<\/div>\n\t\t\t\t<\/div>\n\t\t\t\t<div class=\"elementor-element elementor-element-5858823 elementor-widget__width-initial elementor-widget-mobile__width-inherit elementor-invisible elementor-widget elementor-widget-text-editor\" data-id=\"5858823\" data-element_type=\"widget\" data-e-type=\"widget\" data-settings=\"{&quot;_animation&quot;:&quot;opal-move-up&quot;}\" data-widget_type=\"text-editor.default\">\n\t\t\t\t<div class=\"elementor-widget-container\">\n\t\t\t\t\t\t\t\t\t<p>Nous sommes l\u00e0 pour veiller \u00e0 ce que votre journ\u00e9e soit celle dont vous vous souviendrez toute votre vie. Que vous ayez une vision d\u00e9taill\u00e9e ou que vous ayez besoin de conseils pour donner vie \u00e0 vos id\u00e9es, notre \u00e9quipe d\u00e9vou\u00e9e est \u00e0 votre service \u00e0 chaque \u00e9tape. N'h\u00e9sitez pas \u00e0 nous contacter pour toute question, demande ou pour prendre rendez-vous.<\/p><p>Veuillez remplir le formulaire de contact ci-dessous et nous vous r\u00e9pondrons dans les 24 heures (hors week-end). Si vous ne recevez pas de r\u00e9ponse dans ce d\u00e9lai, n'h\u00e9sitez pas \u00e0 nous contacter directement \u00e0 l'adresse hello@parisido.com.<\/p><p>Nous sommes impatients de vous faire vivre une exp\u00e9rience de mariage magique !<\/p>\t\t\t\t\t\t\t\t<\/div>\n\t\t\t\t<\/div>\n\t\t<div class=\"elementor-element elementor-element-a3f3601 e-grid e-con-full e-con e-child\" data-id=\"a3f3601\" data-element_type=\"container\" data-e-type=\"container\">\n\t\t\t\t<div class=\"elementor-element elementor-element-0428f5d elementor-invisible elementor-widget elementor-widget-icon-box\" data-id=\"0428f5d\" data-element_type=\"widget\" data-e-type=\"widget\" data-settings=\"{&quot;_animation&quot;:&quot;opal-move-up&quot;}\" data-widget_type=\"icon-box.default\">\n\t\t\t\t<div class=\"elementor-widget-container\">\n\t\t\t\t\t\t\t<div class=\"elementor-icon-box-wrapper\">\n\n\t\t\t\n\t\t\t\t\t\t<div class=\"elementor-icon-box-content\">\n\n\t\t\t\t\t\t\t\t\t<h3 class=\"elementor-icon-box-title\">\n\t\t\t\t\t\t<span  >\n\t\t\t\t\t\t\tWhatsapp\t\t\t\t\t\t<\/span>\n\t\t\t\t\t<\/h3>\n\t\t\t\t\n\t\t\t\t\t\t\t\t\t<p class=\"elementor-icon-box-description\">\n\t\t\t\t\t\t+33 659.461.850\t\t\t\t\t<\/p>\n\t\t\t\t\n\t\t\t<\/div>\n\t\t\t\n\t\t<\/div>\n\t\t\t\t\t\t<\/div>\n\t\t\t\t<\/div>\n\t\t\t\t<div class=\"elementor-element elementor-element-6f72a6a elementor-invisible elementor-widget elementor-widget-icon-box\" data-id=\"6f72a6a\" data-element_type=\"widget\" data-e-type=\"widget\" data-settings=\"{&quot;_animation&quot;:&quot;opal-move-up&quot;,&quot;_animation_delay&quot;:100}\" data-widget_type=\"icon-box.default\">\n\t\t\t\t<div class=\"elementor-widget-container\">\n\t\t\t\t\t\t\t<div class=\"elementor-icon-box-wrapper\">\n\n\t\t\t\n\t\t\t\t\t\t<div class=\"elementor-icon-box-content\">\n\n\t\t\t\t\t\t\t\t\t<h3 class=\"elementor-icon-box-title\">\n\t\t\t\t\t\t<span  >\n\t\t\t\t\t\t\tEmail\t\t\t\t\t\t<\/span>\n\t\t\t\t\t<\/h3>\n\t\t\t\t\n\t\t\t\t\t\t\t\t\t<p class=\"elementor-icon-box-description\">\n\t\t\t\t\t\thello@parisido.com\t\t\t\t\t<\/p>\n\t\t\t\t\n\t\t\t<\/div>\n\t\t\t\n\t\t<\/div>\n\t\t\t\t\t\t<\/div>\n\t\t\t\t<\/div>\n\t\t\t\t<\/div>\n\t\t\t\t<div class=\"elementor-element elementor-element-3db8e63 elementor-widget__width-initial elementor-widget-mobile__width-inherit elementor-invisible elementor-widget elementor-widget-text-editor\" data-id=\"3db8e63\" data-element_type=\"widget\" data-e-type=\"widget\" data-settings=\"{&quot;_animation&quot;:&quot;opal-move-up&quot;}\" data-widget_type=\"text-editor.default\">\n\t\t\t\t<div class=\"elementor-widget-container\">\n\t\t\t\t\t\t\t\t\t<h3>Vous \u00eates impatient de passer \u00e0 l'\u00e9tape suivante ?<\/h3>\t\t\t\t\t\t\t\t<\/div>\n\t\t\t\t<\/div>\n\t\t<div class=\"elementor-element elementor-element-81e4bd8 e-con-full e-flex e-con e-child\" data-id=\"81e4bd8\" data-element_type=\"container\" data-e-type=\"container\">\n\t\t\t\t<div class=\"elementor-element elementor-element-17ccefc elementor-align-center elementor-button-default elementor-widget elementor-widget-button\" data-id=\"17ccefc\" data-element_type=\"widget\" data-e-type=\"widget\" data-widget_type=\"button.default\">\n\t\t\t\t<div class=\"elementor-widget-container\">\n\t\t\t\t\t\t\t\t\t<div class=\"elementor-button-wrapper\">\n\t\t\t\t\t<a class=\"elementor-button elementor-button-link elementor-size-sm\" href=\"https:\/\/calendly.com\/mariesvetlana-kadjo\/discovery-call\" id=\"button-honey\">\n\t\t\t\t\t\t<span class=\"elementor-button-content-wrapper\">\n\t\t\t\t\t\t\t\t\t<span class=\"elementor-button-text\">R\u00c9SERVEZ VOTRE APPEL D\u00c9COUVERTE D\u00c8S MAINTENANT !<\/span>\n\t\t\t\t\t<\/span>\n\t\t\t\t\t<\/a>\n\t\t\t\t<\/div>\n\t\t\t\t\t\t\t\t<\/div>\n\t\t\t\t<\/div>\n\t\t\t\t<\/div>\n\t\t\t\t\t<\/div>\n\t\t\t\t<\/div>\n\t\t<div class=\"elementor-element elementor-element-70a7c26 e-flex e-con-boxed e-con e-parent\" data-id=\"70a7c26\" data-element_type=\"container\" data-e-type=\"container\">\n\t\t\t\t\t<div class=\"e-con-inner\">\n\t\t<div class=\"elementor-element elementor-element-24682bc e-con-full e-flex e-con e-child\" data-id=\"24682bc\" data-element_type=\"container\" data-e-type=\"container\">\n\t\t\t\t<div class=\"elementor-element elementor-element-aa3edd6 elementor-invisible elementor-widget elementor-widget-heading\" data-id=\"aa3edd6\" data-element_type=\"widget\" data-e-type=\"widget\" data-settings=\"{&quot;_animation&quot;:&quot;opal-move-right&quot;}\" data-widget_type=\"heading.default\">\n\t\t\t\t<div class=\"elementor-widget-container\">\n\t\t\t\t\t<h2 class=\"elementor-heading-title elementor-size-default\">Laissez nous un message<\/h2>\t\t\t\t<\/div>\n\t\t\t\t<\/div>\n\t\t\t\t<div class=\"elementor-element elementor-element-ad0d57b elementor-widget elementor-widget-asteno-contactform\" data-id=\"ad0d57b\" data-element_type=\"widget\" data-e-type=\"widget\" data-widget_type=\"asteno-contactform.default\">\n\t\t\t\t<div class=\"elementor-widget-container\">\n\t\t\t\t\t\n<div class=\"wpcf7 no-js\" id=\"wpcf7-f4605-o1\" lang=\"fr-FR\" dir=\"ltr\" data-wpcf7-id=\"4605\">\n<div class=\"screen-reader-response\"><p role=\"status\" aria-live=\"polite\" aria-atomic=\"true\"><\/p> <ul><\/ul><\/div>\n<form action=\"\/fr\/wp-json\/wp\/v2\/pages\/159#wpcf7-f4605-o1\" method=\"post\" class=\"wpcf7-form init\" aria-label=\"Formulaire de contact\" novalidate=\"novalidate\" data-status=\"init\" data-trp-original-action=\"\/fr\/wp-json\/wp\/v2\/pages\/159#wpcf7-f4605-o1\">\n<fieldset class=\"hidden-fields-container\"><input type=\"hidden\" name=\"_wpcf7\" value=\"4605\" \/><input type=\"hidden\" name=\"_wpcf7_version\" value=\"6.1.5\" \/><input type=\"hidden\" name=\"_wpcf7_locale\" value=\"fr_FR\" \/><input type=\"hidden\" name=\"_wpcf7_unit_tag\" value=\"wpcf7-f4605-o1\" \/><input type=\"hidden\" name=\"_wpcf7_container_post\" value=\"0\" \/><input type=\"hidden\" name=\"_wpcf7_posted_data_hash\" value=\"\" \/><input type=\"hidden\" name=\"_wpcf7_recaptcha_response\" value=\"\" \/>\n<\/fieldset>\n<div class=\"wpcf7-contact\">\n\t<div class=\"row\">\n <!-- Premi\u00e8re colonne -->\n\t\t<div class=\"column\">\n\t\t\t<p><label>Votre nom<\/label><br \/>\n<span class=\"wpcf7-form-control-wrap\" data-name=\"your-name\"><input size=\"40\" maxlength=\"400\" class=\"wpcf7-form-control wpcf7-text wpcf7-validates-as-required\" aria-required=\"true\" aria-invalid=\"false\" placeholder=\"Nom complet\" value=\"\" type=\"text\" name=\"your-name\" \/><\/span>\n\t\t\t<\/p>\n\t\t\t<p><label>Email *<\/label><br \/>\n<span class=\"wpcf7-form-control-wrap\" data-name=\"your-email\"><input size=\"40\" maxlength=\"400\" class=\"wpcf7-form-control wpcf7-email wpcf7-validates-as-required wpcf7-text wpcf7-validates-as-email\" aria-required=\"true\" aria-invalid=\"false\" placeholder=\"nom@exemple.com\" value=\"\" type=\"email\" name=\"your-email\" \/><\/span>\n\t\t\t<\/p>\n\t\t\t<p><label>Num\u00e9ro de t\u00e9l\u00e9phone<\/label><br \/>\n<span class=\"wpcf7-form-control-wrap\" data-name=\"tel-326\"><input size=\"40\" maxlength=\"400\" class=\"wpcf7-form-control wpcf7-tel wpcf7-text wpcf7-validates-as-tel\" aria-invalid=\"false\" placeholder=\"000-000-000\" value=\"\" type=\"tel\" name=\"tel-326\" \/><\/span>\n\t\t\t<\/p>\n\t\t<\/div>\n\n <!-- Deuxi\u00e8me colonne -->\n\t\t<div class=\"column\">\n\t\t\t<p><label>Date de l'\u00e9v\u00e8nement<\/label><br \/>\n<span class=\"wpcf7-form-control-wrap\" data-name=\"event-date\"><input size=\"40\" maxlength=\"400\" class=\"wpcf7-form-control wpcf7-text\" aria-invalid=\"false\" placeholder=\"P\u00e9riode ou date\" value=\"\" type=\"text\" name=\"event-date\" \/><\/span>\n\t\t\t<\/p>\n\t\t\t<p><label>Nombre d'invit\u00e9s<\/label><br \/>\n<span class=\"wpcf7-form-control-wrap\" data-name=\"guest-number\"><input class=\"wpcf7-form-control wpcf7-number wpcf7-validates-as-number\" aria-invalid=\"false\" placeholder=\"50\" value=\"\" type=\"number\" name=\"guest-number\" \/><\/span>\n\t\t\t<\/p>\n\t\t\t<p><label>Services<\/label><br \/>\n<span class=\"wpcf7-form-control-wrap\" data-name=\"tour\"><select class=\"wpcf7-form-control wpcf7-select\" aria-invalid=\"false\" name=\"tour\"><option value=\"Choose\">Choose<\/option><option value=\"Proposal\">Demande en mariage<\/option><option value=\"Wedding Planner\">Wedding Planner<\/option><option value=\"Elopement\">Elopement<\/option><\/select><\/span>\n\t\t\t<\/p>\n\t\t<\/div>\n\t<\/div>\n\n <!-- Champ Leave a note couvrant toute la largeur -->\n\t<div class=\"row-full-width\">\n\t\t<p><label>Laissez une note<\/label><br \/>\n<span class=\"wpcf7-form-control-wrap\" data-name=\"your-message\"><textarea cols=\"40\" rows=\"5\" maxlength=\"2000\" class=\"wpcf7-form-control wpcf7-textarea\" aria-invalid=\"false\" placeholder=\"Votre message\" name=\"your-message\"><\/textarea><\/span>\n\t\t<\/p>\n\t<\/div>\n\n <!-- Bouton de soumission -->\n\t<div class=\"elementor-button-outline elementor-widget-button\">\n\t\t<p><button class=\"elementor-button elementor-button-link submit-button\" type=\"submit\"><br \/>\n<span class=\"elementor-button-content-wrapper\"><br \/>\n<span class=\"elementor-button-text\">ENVOYER<\/span><br \/>\n<\/span><br \/>\n<\/button>\n\t\t<\/p>\n\t<\/div>\n<\/div>\n<head>\n\t<style>\n .wpcf7-contact .row {\n display: flex;\n justify-content: space-between;\n }\n\n .wpcf7-contact .column {\n width: 48%;\n }\n\n .wpcf7-contact .row-full-width {\n width: 50%;\n }\n\n\n.wpcf7-contact .submit-button {\n width: 50% !important; \/* \u00c9largir le bouton \u00e0 50% de la largeur du conteneur *\/\n height: 50px; \/* Hauteur du bouton *\/\n border-radius: 5px; \/* Arrondir les coins *\/\n transition: background-color 0.3s ease;\n display: flex; \/* Utiliser Flexbox pour le centrage *\/\n align-items: center; \/* Centrer verticalement *\/\n justify-content: center; \/* Centrer horizontalement *\/\n font-size: 16px; \/* Agrandir l\u00e9g\u00e8rement la taille du texte *\/\n letter-spacing: 2px; \/* Augmenter l'espacement entre les lettres *\/\n background-color: #E0AF9F !important;\n border: none !important;\n color: white !important;\n margin-top: 20px !important;\n}\n\n.wpcf7-contact .submit-button:hover {\n background-color: #ffffff !important; \/* Changer la couleur au survol *\/\n border: 1px solid #E0AF9F !important;\n color: #E0AF9F !important;\n}\n\n .wpcf7-contact .column input {\n margin-bottom: 20px; \/* Espace entre chaque champ *\/\n }\n\n.wpcf7-form label {\n font-weight: 800;\n }\n\t<\/style>\n<\/head><div class=\"wpcf7-response-output\" aria-hidden=\"true\"><\/div>\n<input type=\"hidden\" name=\"trp-form-language\" value=\"fr\"\/><\/form>\n<\/div>\n\t\t\t\t<\/div>\n\t\t\t\t<\/div>\n\t\t\t\t<\/div>\n\t\t<div class=\"elementor-element elementor-element-504b540 e-con-full e-flex e-con e-child\" data-id=\"504b540\" data-element_type=\"container\" data-e-type=\"container\">\n\t\t\t\t<div class=\"elementor-element elementor-element-6c72009 elementor-hidden-mobile elementor-invisible elementor-widget elementor-widget-image\" data-id=\"6c72009\" data-element_type=\"widget\" data-e-type=\"widget\" data-settings=\"{&quot;_animation&quot;:&quot;opal-move-left&quot;}\" data-widget_type=\"image.default\">\n\t\t\t\t<div class=\"elementor-widget-container\">\n\t\t\t\t\t\t\t\t\t\t\t\t\t\t\t<img fetchpriority=\"high\" decoding=\"async\" width=\"940\" height=\"1450\" src=\"https:\/\/www.parisido.com\/wp-content\/uploads\/2024\/09\/Parisido-wedding-planner-paris-loire-valley-2-1.webp\" class=\"attachment-full size-full wp-image-22\" alt=\"Wedding invitation design created for a Paris wedding.\" srcset=\"https:\/\/www.parisido.com\/wp-content\/uploads\/2024\/09\/Parisido-wedding-planner-paris-loire-valley-2-1.webp 940w, https:\/\/www.parisido.com\/wp-content\/uploads\/2024\/09\/Parisido-wedding-planner-paris-loire-valley-2-1-194x300.webp 194w, https:\/\/www.parisido.com\/wp-content\/uploads\/2024\/09\/Parisido-wedding-planner-paris-loire-valley-2-1-664x1024.webp 664w, https:\/\/www.parisido.com\/wp-content\/uploads\/2024\/09\/Parisido-wedding-planner-paris-loire-valley-2-1-768x1185.webp 768w\" sizes=\"(max-width: 940px) 100vw, 940px\" \/>\t\t\t\t\t\t\t\t\t\t\t\t\t\t\t<\/div>\n\t\t\t\t<\/div>\n\t\t\t\t<\/div>\n\t\t\t\t\t<\/div>\n\t\t\t\t<\/div>\n\t\t\t\t<\/div>","protected":false},"excerpt":{"rendered":"<p>Contact Ready to turn your dream wedding into reality?\u200b We are here to ensure that your special day is one you&#8217;ll cherish forever. Whether you have a detailed vision or need guidance bringing your ideas to life, our dedicated team is at your service every step of the way. Please don&#8217;t hesitate to reach out [&hellip;]<\/p>\n","protected":false},"author":1,"featured_media":6501,"parent":0,"menu_order":0,"comment_status":"closed","ping_status":"closed","template":"template-homepage.php","meta":{"_monsterinsights_skip_tracking":false,"_monsterinsights_sitenote_active":false,"_monsterinsights_sitenote_note":"","_monsterinsights_sitenote_category":0,"footnotes":""},"class_list":["post-159","page","type-page","status-publish","has-post-thumbnail","hentry"],"yoast_head":"<!-- This site is optimized with the Yoast SEO plugin v27.4 - https:\/\/yoast.com\/product\/yoast-seo-wordpress\/ -->\n<title>Contact Paris Wedding Planner - Let&#039;s Plan Your Dream Wedding<\/title>\n<meta name=\"description\" content=\"Contact Paris Wedding Planner today to begin crafting your perfect wedding in Paris with personalized, expert planning.\" \/>\n<meta name=\"robots\" content=\"index, follow, max-snippet:-1, max-image-preview:large, max-video-preview:-1\" \/>\n<link rel=\"canonical\" href=\"https:\/\/www.parisido.com\/fr\/contact-paris-wedding-planner\/\" \/>\n<meta property=\"og:locale\" content=\"fr_FR\" \/>\n<meta property=\"og:type\" content=\"article\" \/>\n<meta property=\"og:title\" content=\"Contact Paris Wedding Planner - Let&#039;s Plan Your Dream Wedding\" \/>\n<meta property=\"og:description\" content=\"Contact Paris Wedding Planner today to begin crafting your perfect wedding in Paris with personalized, expert planning.\" \/>\n<meta property=\"og:url\" content=\"https:\/\/www.parisido.com\/fr\/contact-paris-wedding-planner\/\" \/>\n<meta property=\"og:site_name\" content=\"Paris, I do\" \/>\n<meta property=\"article:modified_time\" content=\"2025-05-29T08:51:07+00:00\" \/>\n<meta property=\"og:image\" content=\"https:\/\/www.parisido.com\/wp-content\/uploads\/2024\/10\/Copie-de-Flatlay_extraction_8-scaled.jpg\" \/>\n\t<meta property=\"og:image:width\" content=\"1780\" \/>\n\t<meta property=\"og:image:height\" content=\"2560\" \/>\n\t<meta property=\"og:image:type\" content=\"image\/jpeg\" \/>\n<meta name=\"twitter:card\" content=\"summary_large_image\" \/>\n<meta name=\"twitter:label1\" content=\"Dur\u00e9e de lecture estim\u00e9e\" \/>\n\t<meta name=\"twitter:data1\" content=\"1 minute\" \/>\n<script type=\"application\/ld+json\" class=\"yoast-schema-graph\">{\"@context\":\"https:\\\/\\\/schema.org\",\"@graph\":[{\"@type\":\"WebPage\",\"@id\":\"https:\\\/\\\/www.parisido.com\\\/contact-paris-wedding-planner\\\/\",\"url\":\"https:\\\/\\\/www.parisido.com\\\/contact-paris-wedding-planner\\\/\",\"name\":\"Contact Paris Wedding Planner - Let's Plan Your Dream Wedding\",\"isPartOf\":{\"@id\":\"https:\\\/\\\/www.parisido.com\\\/#website\"},\"primaryImageOfPage\":{\"@id\":\"https:\\\/\\\/www.parisido.com\\\/contact-paris-wedding-planner\\\/#primaryimage\"},\"image\":{\"@id\":\"https:\\\/\\\/www.parisido.com\\\/contact-paris-wedding-planner\\\/#primaryimage\"},\"thumbnailUrl\":\"https:\\\/\\\/www.parisido.com\\\/wp-content\\\/uploads\\\/2024\\\/10\\\/Copie-de-Flatlay_extraction_8-scaled.jpg\",\"datePublished\":\"2024-07-10T01:52:17+00:00\",\"dateModified\":\"2025-05-29T08:51:07+00:00\",\"description\":\"Contact Paris Wedding Planner today to begin crafting your perfect wedding in Paris with personalized, expert planning.\",\"breadcrumb\":{\"@id\":\"https:\\\/\\\/www.parisido.com\\\/contact-paris-wedding-planner\\\/#breadcrumb\"},\"inLanguage\":\"fr-FR\",\"potentialAction\":[{\"@type\":\"ReadAction\",\"target\":[\"https:\\\/\\\/www.parisido.com\\\/contact-paris-wedding-planner\\\/\"]}]},{\"@type\":\"ImageObject\",\"inLanguage\":\"fr-FR\",\"@id\":\"https:\\\/\\\/www.parisido.com\\\/contact-paris-wedding-planner\\\/#primaryimage\",\"url\":\"https:\\\/\\\/www.parisido.com\\\/wp-content\\\/uploads\\\/2024\\\/10\\\/Copie-de-Flatlay_extraction_8-scaled.jpg\",\"contentUrl\":\"https:\\\/\\\/www.parisido.com\\\/wp-content\\\/uploads\\\/2024\\\/10\\\/Copie-de-Flatlay_extraction_8-scaled.jpg\",\"width\":1780,\"height\":2560},{\"@type\":\"BreadcrumbList\",\"@id\":\"https:\\\/\\\/www.parisido.com\\\/contact-paris-wedding-planner\\\/#breadcrumb\",\"itemListElement\":[{\"@type\":\"ListItem\",\"position\":1,\"name\":\"Accueil\",\"item\":\"https:\\\/\\\/www.parisido.com\\\/\"},{\"@type\":\"ListItem\",\"position\":2,\"name\":\"Contact\"}]},{\"@type\":\"WebSite\",\"@id\":\"https:\\\/\\\/www.parisido.com\\\/#website\",\"url\":\"https:\\\/\\\/www.parisido.com\\\/\",\"name\":\"Paris, I do\",\"description\":\"Destination Wedding Planner Paris &amp; Loire Valley\",\"publisher\":{\"@id\":\"https:\\\/\\\/www.parisido.com\\\/#organization\"},\"potentialAction\":[{\"@type\":\"SearchAction\",\"target\":{\"@type\":\"EntryPoint\",\"urlTemplate\":\"https:\\\/\\\/www.parisido.com\\\/?s={search_term_string}\"},\"query-input\":{\"@type\":\"PropertyValueSpecification\",\"valueRequired\":true,\"valueName\":\"search_term_string\"}}],\"inLanguage\":\"fr-FR\"},{\"@type\":\"Organization\",\"@id\":\"https:\\\/\\\/www.parisido.com\\\/#organization\",\"name\":\"Paris, I do\",\"url\":\"https:\\\/\\\/www.parisido.com\\\/\",\"logo\":{\"@type\":\"ImageObject\",\"inLanguage\":\"fr-FR\",\"@id\":\"https:\\\/\\\/www.parisido.com\\\/#\\\/schema\\\/logo\\\/image\\\/\",\"url\":\"https:\\\/\\\/www.parisido.com\\\/wp-content\\\/uploads\\\/2024\\\/09\\\/Logo-Paris-I-do-Rose-poudre.svg\",\"contentUrl\":\"https:\\\/\\\/www.parisido.com\\\/wp-content\\\/uploads\\\/2024\\\/09\\\/Logo-Paris-I-do-Rose-poudre.svg\",\"width\":4764,\"height\":1080,\"caption\":\"Paris, I do\"},\"image\":{\"@id\":\"https:\\\/\\\/www.parisido.com\\\/#\\\/schema\\\/logo\\\/image\\\/\"}}]}<\/script>\n<!-- \/ Yoast SEO plugin. -->","yoast_head_json":{"title":"Contact Paris Wedding Planner - Let's Plan Your Dream Wedding","description":"Contact Paris Wedding Planner today to begin crafting your perfect wedding in Paris with personalized, expert planning.","robots":{"index":"index","follow":"follow","max-snippet":"max-snippet:-1","max-image-preview":"max-image-preview:large","max-video-preview":"max-video-preview:-1"},"canonical":"https:\/\/www.parisido.com\/fr\/contact-paris-wedding-planner\/","og_locale":"fr_FR","og_type":"article","og_title":"Contact Paris Wedding Planner - Let's Plan Your Dream Wedding","og_description":"Contact Paris Wedding Planner today to begin crafting your perfect wedding in Paris with personalized, expert planning.","og_url":"https:\/\/www.parisido.com\/fr\/contact-paris-wedding-planner\/","og_site_name":"Paris, I do","article_modified_time":"2025-05-29T08:51:07+00:00","og_image":[{"width":1780,"height":2560,"url":"https:\/\/www.parisido.com\/wp-content\/uploads\/2024\/10\/Copie-de-Flatlay_extraction_8-scaled.jpg","type":"image\/jpeg"}],"twitter_card":"summary_large_image","twitter_misc":{"Dur\u00e9e de lecture estim\u00e9e":"1 minute"},"schema":{"@context":"https:\/\/schema.org","@graph":[{"@type":"WebPage","@id":"https:\/\/www.parisido.com\/contact-paris-wedding-planner\/","url":"https:\/\/www.parisido.com\/contact-paris-wedding-planner\/","name":"Contact Paris Wedding Planner - Let's Plan Your Dream Wedding","isPartOf":{"@id":"https:\/\/www.parisido.com\/#website"},"primaryImageOfPage":{"@id":"https:\/\/www.parisido.com\/contact-paris-wedding-planner\/#primaryimage"},"image":{"@id":"https:\/\/www.parisido.com\/contact-paris-wedding-planner\/#primaryimage"},"thumbnailUrl":"https:\/\/www.parisido.com\/wp-content\/uploads\/2024\/10\/Copie-de-Flatlay_extraction_8-scaled.jpg","datePublished":"2024-07-10T01:52:17+00:00","dateModified":"2025-05-29T08:51:07+00:00","description":"Contact Paris Wedding Planner today to begin crafting your perfect wedding in Paris with personalized, expert planning.","breadcrumb":{"@id":"https:\/\/www.parisido.com\/contact-paris-wedding-planner\/#breadcrumb"},"inLanguage":"fr-FR","potentialAction":[{"@type":"ReadAction","target":["https:\/\/www.parisido.com\/contact-paris-wedding-planner\/"]}]},{"@type":"ImageObject","inLanguage":"fr-FR","@id":"https:\/\/www.parisido.com\/contact-paris-wedding-planner\/#primaryimage","url":"https:\/\/www.parisido.com\/wp-content\/uploads\/2024\/10\/Copie-de-Flatlay_extraction_8-scaled.jpg","contentUrl":"https:\/\/www.parisido.com\/wp-content\/uploads\/2024\/10\/Copie-de-Flatlay_extraction_8-scaled.jpg","width":1780,"height":2560},{"@type":"BreadcrumbList","@id":"https:\/\/www.parisido.com\/contact-paris-wedding-planner\/#breadcrumb","itemListElement":[{"@type":"ListItem","position":1,"name":"Accueil","item":"https:\/\/www.parisido.com\/"},{"@type":"ListItem","position":2,"name":"Contact"}]},{"@type":"WebSite","@id":"https:\/\/www.parisido.com\/#website","url":"https:\/\/www.parisido.com\/","name":"Paris, I do","description":"Destination Wedding Planner Paris &amp; Loire Valley","publisher":{"@id":"https:\/\/www.parisido.com\/#organization"},"potentialAction":[{"@type":"SearchAction","target":{"@type":"EntryPoint","urlTemplate":"https:\/\/www.parisido.com\/?s={search_term_string}"},"query-input":{"@type":"PropertyValueSpecification","valueRequired":true,"valueName":"search_term_string"}}],"inLanguage":"fr-FR"},{"@type":"Organization","@id":"https:\/\/www.parisido.com\/#organization","name":"Paris, I do","url":"https:\/\/www.parisido.com\/","logo":{"@type":"ImageObject","inLanguage":"fr-FR","@id":"https:\/\/www.parisido.com\/#\/schema\/logo\/image\/","url":"https:\/\/www.parisido.com\/wp-content\/uploads\/2024\/09\/Logo-Paris-I-do-Rose-poudre.svg","contentUrl":"https:\/\/www.parisido.com\/wp-content\/uploads\/2024\/09\/Logo-Paris-I-do-Rose-poudre.svg","width":4764,"height":1080,"caption":"Paris, I do"},"image":{"@id":"https:\/\/www.parisido.com\/#\/schema\/logo\/image\/"}}]}},"_links":{"self":[{"href":"https:\/\/www.parisido.com\/fr\/wp-json\/wp\/v2\/pages\/159","targetHints":{"allow":["GET"]}}],"collection":[{"href":"https:\/\/www.parisido.com\/fr\/wp-json\/wp\/v2\/pages"}],"about":[{"href":"https:\/\/www.parisido.com\/fr\/wp-json\/wp\/v2\/types\/page"}],"author":[{"embeddable":true,"href":"https:\/\/www.parisido.com\/fr\/wp-json\/wp\/v2\/users\/1"}],"replies":[{"embeddable":true,"href":"https:\/\/www.parisido.com\/fr\/wp-json\/wp\/v2\/comments?post=159"}],"version-history":[{"count":13,"href":"https:\/\/www.parisido.com\/fr\/wp-json\/wp\/v2\/pages\/159\/revisions"}],"predecessor-version":[{"id":7396,"href":"https:\/\/www.parisido.com\/fr\/wp-json\/wp\/v2\/pages\/159\/revisions\/7396"}],"wp:featuredmedia":[{"embeddable":true,"href":"https:\/\/www.parisido.com\/fr\/wp-json\/wp\/v2\/media\/6501"}],"wp:attachment":[{"href":"https:\/\/www.parisido.com\/fr\/wp-json\/wp\/v2\/media?parent=159"}],"curies":[{"name":"wp","href":"https:\/\/api.w.org\/{rel}","templated":true}]}}